{"id":12778,"date":"2018-07-11T19:43:36","date_gmt":"2018-07-11T17:43:36","guid":{"rendered":"http:\/\/www.bassanina.it\/?page_id=12778"},"modified":"2019-11-08T09:32:19","modified_gmt":"2019-11-08T08:32:19","slug":"bassano-del-grappa","status":"publish","type":"page","link":"https:\/\/www.bassanina.it\/?page_id=12778","title":{"rendered":"Bassano del Grappa"},"content":{"rendered":"<p>[vc_row row_type=&#8221;parallax&#8221; background_img_id=&#8221;12785&#8243; overlay_opacity=&#8221;.8&#8243; min_height=&#8221;500&#8243;][vc_column css=&#8221;.vc_custom_1526496375396{padding-top: 150px !important;padding-bottom: 120px !important;}&#8221;]\n    <div id=\"custom-title_1\" class=\"custom-title fontSize80 letterspacing0 textbackgroundstyle\"  data-delay=\"0\" data-animation=\"none\" >\n    \n        \n\n        <div class=\"title\" style=\"color: #ffffff;  font-family:'Montserrat'!important; font-weight:400; font-style:normal; \">\n            <span>\n                BASSANO DEL GRAPPA            <\/span>\n\n\n            \n        <\/div>\n\n            \n            <span class=\"textbackground\"  style=\"  font-family:'Montserrat'!important; font-weight:400; font-style:normal; \"><\/span>\n\n             \n\n            <\/div>\n\n    [\/vc_column][\/vc_row][vc_row][vc_column width=&#8221;1\/6&#8243;][\/vc_column][vc_column width=&#8221;2\/3&#8243;][vc_empty_space height=&#8221;50px&#8221;][vc_column_text text_animation=&#8221;fade-in-bottom&#8221; text_animation_delay=&#8221;250&#8243;]<\/p>\n<p style=\"text-align: center;\"><span style=\"color: #3a3a3a;\"><span style=\"font-size: 21px;\"><b>Il Territorio<\/b><\/span><\/span><\/p>\n<p style=\"text-align: center;\">Bassano del Grappa \u00e8 una citt\u00e0 del nord est Italia circondata da meravigliose colline ai piedi del Monte Grappa e attraversata dal fiume Brenta, situata nel pi\u00f9 importante territorio italiano per la produzione di grappa. In questa terra, posta nel cuore del Veneto, particolarmente adatta ad una viticoltura di alta qualit\u00e0 e dove storicamente esiste una forte tradizione nella produzione della grappa, troviamo Italiana Distillati Bassano azienda produttrice della Grappa Bassanina.<\/p>\n<p>[\/vc_column_text][vc_empty_space height=&#8221;50px&#8221;][\/vc_column][vc_column width=&#8221;1\/6&#8243;][\/vc_column][\/vc_row][vc_row row_type=&#8221;parallax&#8221; background_img_id=&#8221;12787&#8243; parallax_speed=&#8221;800&#8243; min_height=&#8221;350&#8243;][vc_column][\/vc_column][\/vc_row][vc_row][vc_column width=&#8221;1\/6&#8243;][\/vc_column][vc_column width=&#8221;2\/3&#8243;][vc_empty_space height=&#8221;50px&#8221;][vc_column_text text_animation=&#8221;fade-in-bottom&#8221; text_animation_delay=&#8221;250&#8243;]<\/p>\n<p style=\"text-align: center;\"><span style=\"color: #3a3a3a;\"><span style=\"font-size: 21px;\"><b>Borgo Angarano<\/b><\/span><\/span><\/p>\n<p style=\"text-align: center;\">\u00c8<span style=\"color: #3a3a3a;\"><span style=\"font-size: 14px;\"> il borgo pi\u00f9 antico della citt\u00e0, nato come insediamento romano, ed \u00e8 il luogo dove nacque il nostro fondatore. <\/span><\/span><span style=\"color: #3a3a3a;\"><span style=\"font-size: 14px;\">N<\/span><\/span><span style=\"color: #3a3a3a; font-size: 14px;\">el cuore di Borgo Angarano, <\/span><span style=\"font-size: 14px; color: #3a3a3a;\">proprio vicino al ponte Vecchio, si trovano la nostra sede legale e la caratteristica Grapperia-Enoteca Bassanina. \u00c8 fin da tempi memorabili che esiste il vecchio detto:<\/span><\/p>\n<p style=\"text-align: center;\"><strong><em><span style=\"color: #3a3a3a;\"><span style=\"font-size: 14px;\">&#8220;prima nacque Angaran poi sorseggi\u00f2 Bassan&#8221;<\/span><\/span><\/em><\/strong><\/p>\n<p>[\/vc_column_text][vc_empty_space height=&#8221;50px&#8221;][\/vc_column][vc_column width=&#8221;1\/6&#8243;][\/vc_column][\/vc_row][vc_row row_type=&#8221;parallax&#8221; background_img_id=&#8221;12788&#8243; parallax_speed=&#8221;800&#8243; min_height=&#8221;350&#8243;][vc_column][\/vc_column][\/vc_row][vc_row][vc_column width=&#8221;1\/6&#8243;][\/vc_column][vc_column width=&#8221;2\/3&#8243;][vc_empty_space height=&#8221;50px&#8221;][vc_column_text text_animation=&#8221;fade-in-bottom&#8221; text_animation_delay=&#8221;250&#8243;]<\/p>\n<p style=\"text-align: center;\"><span style=\"color: #000000;\"><strong><span style=\"font-size: 21px;\">Grapperia-Enoteca Bassanina<\/span><\/strong><\/span><\/p>\n<p style=\"text-align: center;\">Vicino al famoso Ponte Vecchio, nel centro storico di Bassano del Grappa in una delle pi\u00f9 belle piazzette Venete in un antico palazzo risalente al 1400, si trova la nostra Grapperia-Enoteca Bassanina. In questo locale, inaugurato nel 1994, si pu\u00f2 degustare e scegliere di acquistare la gamma completa dei prodotti a marchio Bassanina, dalle grappe giovani a quelle invecchiate, dai monovitigni ai distillati di frutta e dal brandy ai liquori, tra i quali anche la famosa <em>Tagliatella\u00a0<\/em>tipico liquore bassanese.<\/p>\n<p style=\"text-align: center;\">Nel locale, aperto tutti i giorni, tra <em>spuncioti,\u00a0<\/em>bruschette e panini, \u00e8 possibile scegliere vari tipi di birra ed un&#8217;ampia selezione di vini provenienti da tutta Italia.<\/p>\n<p style=\"text-align: center;\">Bassanina \u00e8 un punto di riferimento per molti bassanesi, un luogo di richiamo per i numerosi turisti, amanti della grappa e del buon vino. All&#8217;interno, accompagnati da un sottofondo di buona musica, un lungo bancone e tra i corridoi e salette, antichi oggetti e strumenti che venivano nel passato usati dai contadini veneti per la coltura delle vigne e per la produzione di vino e grappa.<\/p>\n<p>[\/vc_column_text][vc_empty_space height=&#8221;25px&#8221;]\n    <style type=\"text\/css\" media=\"all\">\n\n        \n            #button_1.ep_button                {\n                    border-radius:1px;\n                }    \n    \n            \n                \n        #button_1.ep_button            {\n                border-width:1px;\n            }    \n    \n        \n        #button_1.ep_button span.txt:before,#button_1.ep_button span.icon .hovericon            {\n               color:#102703;\n            }    \n        \n        \n    <\/style>\n\n      \n\n\t\n\t        <div class=\"inlinestyle center \">\n      \n        <div class=\"centeralignment\">\n        \n        <a id=\"button_1\" class=\"ep_button center row style2 transparent\"   style=\"color: #102703;\"  href=\"http:\/\/www.bassanina.it\/?page_id=12751\" title=\"\" >\n    \n           \n            <span class=\"txt\" data-hover=\"Scopri di pi\u00f9\">\n                Scopri di pi\u00f9            <\/span>\n\n            \n        <\/a>\n        <div class=\"clearfix\"><\/div>\n\n            <\/div>\n       \n\t        <\/div>\n    \n\n    \n    [vc_empty_space height=&#8221;50px&#8221;][\/vc_column][vc_column width=&#8221;1\/6&#8243;][\/vc_column][\/vc_row][vc_row row_type=&#8221;parallax&#8221; background_img_id=&#8221;12789&#8243; parallax_speed=&#8221;800&#8243; min_height=&#8221;250&#8243;][vc_column][\/vc_column][\/vc_row]<\/p>\n","protected":false},"excerpt":{"rendered":"<p>[vc_row row_type=&#8221;parallax&#8221; background_img_id=&#8221;12785&#8243; overlay_opacity=&#8221;.8&#8243; min_height=&#8221;500&#8243;][vc_column css=&#8221;.vc_custom_1526496375396{padding-top: 150px !important;padding-bottom: 120px !important;}&#8221;][\/vc_column][\/vc_row][vc_row][vc_column width=&#8221;1\/6&#8243;][\/vc_column][vc_column width=&#8221;2\/3&#8243;][vc_empty_space height=&#8221;50px&#8221;][vc_column_text text_animation=&#8221;fade-in-bottom&#8221; text_animation_delay=&#8221;250&#8243;] Il Territorio Bassano del Grappa \u00e8 una citt\u00e0 del nord est Italia circondata da meravigliose colline ai piedi del Monte Grappa e attraversata dal fiume Brenta, situata nel pi\u00f9 importante territorio italiano per la produzione di grappa. In questa terra,<\/p>\n","protected":false},"author":2,"featured_media":0,"parent":0,"menu_order":0,"comment_status":"closed","ping_status":"closed","template":"","meta":[],"yst_prominent_words":[],"_links":{"self":[{"href":"https:\/\/www.bassanina.it\/index.php?rest_route=\/wp\/v2\/pages\/12778"}],"collection":[{"href":"https:\/\/www.bassanina.it\/index.php?rest_route=\/wp\/v2\/pages"}],"about":[{"href":"https:\/\/www.bassanina.it\/index.php?rest_route=\/wp\/v2\/types\/page"}],"author":[{"embeddable":true,"href":"https:\/\/www.bassanina.it\/index.php?rest_route=\/wp\/v2\/users\/2"}],"replies":[{"embeddable":true,"href":"https:\/\/www.bassanina.it\/index.php?rest_route=%2Fwp%2Fv2%2Fcomments&post=12778"}],"version-history":[{"count":20,"href":"https:\/\/www.bassanina.it\/index.php?rest_route=\/wp\/v2\/pages\/12778\/revisions"}],"predecessor-version":[{"id":16448,"href":"https:\/\/www.bassanina.it\/index.php?rest_route=\/wp\/v2\/pages\/12778\/revisions\/16448"}],"wp:attachment":[{"href":"https:\/\/www.bassanina.it\/index.php?rest_route=%2Fwp%2Fv2%2Fmedia&parent=12778"}],"wp:term":[{"taxonomy":"yst_prominent_words","embeddable":true,"href":"https:\/\/www.bassanina.it\/index.php?rest_route=%2Fwp%2Fv2%2Fyst_prominent_words&post=12778"}],"curies":[{"name":"wp","href":"https:\/\/api.w.org\/{rel}","templated":true}]}}