{"id":15901,"date":"2019-10-31T11:21:32","date_gmt":"2019-10-31T10:21:32","guid":{"rendered":"http:\/\/www.bassanina.it\/?page_id=15901"},"modified":"2019-10-31T11:21:32","modified_gmt":"2019-10-31T10:21:32","slug":"informativa","status":"publish","type":"page","link":"https:\/\/www.bassanina.it\/?page_id=15901","title":{"rendered":"Informativa"},"content":{"rendered":"<p>[vc_row row_type=&#8221;parallax&#8221; background_img_id=&#8221;12635&#8243; overlay_opacity=&#8221;.6&#8243; min_height=&#8221;400&#8243;][vc_column width=&#8221;1\/2&#8243; css=&#8221;.vc_custom_1460870838214{margin-top: 150px !important;}&#8221;][vc_empty_space height=&#8221;50px&#8221;]    <style type=\"text\/css\" media=\"all\">\n            <\/style>\n    \n    <div id=\"textbox_1\" class=\"textBox    nosubtitle    fontSize48 textBoxCenter textBoxUnderleft textBoxNoStyle shortcodeAnimation no-responsive-animation\"   data-delay=\"200\" data-animation=\"fade-in\"  >\n        \n        \n                                     \n                    <div class=\"clearfix\">\n                        <div class=\"title clearfix\"  style=\"color:#ffffff;\" >\n                            \n                            \n                            Informativa Sito web www.bassanina.it\n                            \n                                                    \n                        <\/div>\n                    <\/div>\n\n                \n                \n                    <div class=\"contentfs12 text\"  style=\"color: #ffffff;\" >Italiana Distillati Bassano s.r.l.<\/div>\n                \n    <\/div>\n\n    [vc_empty_space][\/vc_column][vc_column width=&#8221;1\/2&#8243;][\/vc_column][\/vc_row][vc_row row_padding_top=&#8221;50&#8243;][vc_column width=&#8221;1\/6&#8243; offset=&#8221;vc_col-lg-2 vc_col-md-2&#8243;][\/vc_column][vc_column width=&#8221;2\/3&#8243;]    <style type=\"text\/css\" media=\"all\">\n            <\/style>\n    \n    <div id=\"textbox_2\" class=\"textBox    nosubtitle    fontSize40 textBoxleft textBoxUnderCenter textBoxNoStyle\"   data-delay=\"0\" data-animation=\"none\"  >\n        \n        \n                                     \n                    <div class=\"clearfix\">\n                        <div class=\"title clearfix\"  style=\"color:#262626;\" >\n                            \n                            \n                            INFORMATIVA PER FORM CONTATTI SITO WEB\n                            \n                                                    \n                        <\/div>\n                    <\/div>\n\n                \n                \n                    <div class=\"contentfs12 text\"  style=\"color: #666666;\" >La presente informativa \u00e8 resa ai sensi dell\u2019art. 13 del Regolamento UE 679\/2016 dalla Societ\u00e0 ITALIANA DISTILLATI BASSANO SRL con sede legale in BASSANO DEL GRAPPA, VIA ANGARANO 22 in qualit\u00e0 di Titolare del trattamento a chi accede al sito web della Societ\u00e0 stessa e compila il form \u201ccontatti\u201d autorizzando ITALIANA DISTILLATI BASSANO SRL<br \/>\nal trattamento dei propri dati personali. Il conferimento dei dati \u00e8 facoltativo. Il rifiuto a fornire i dati comporta l'impossibilit\u00e0 di elaborare e dar seguito alle richieste pervenute.<br \/>\nFinalit\u00e0 del trattamento:<br \/>\nI dati personali forniti dagli utenti sono utilizzati al solo fine di elaborare e dare seguito alle loro richieste.<br \/>\nBase giuridica :<br \/>\nI dati personali forniti dagli utenti sono trattati lecitamente per dar corso all\u2019esecuzione di misure precontrattuali o obblighi contrattuali (art. 6 par. 1 lett. b) del Regolamento 679\/2016), richiesti dagli utenti stessi (richiesta inviata compilando il form).<br \/>\nDestinatari dei dati:<br \/>\nI dati personali forniti dagli utenti non verranno in alcun modo diffusi a terzi. Potranno essere comunicati a dipendenti e collaboratori del Titolare che li tratteranno nel rispetto delle istruzioni impartite dal Titolare stesso.<br \/>\nResponsabile del trattamento:<br \/>\nIn caso di necessit\u00e0, per attivit\u00e0 legate alla manutenzione della parte tecnologica del sito, i dati personali forniti possono essere trattati da incaricati della societ\u00e0 \u2026\u2026 nominato responsabile del trattamento dei dati ai sensi dell\u2019art. 28 del Regolamento Ue 679\/20016.<br \/>\nConservazione dei dati:<br \/>\nI dati personali degli utenti saranno trattati per il tempo necessario ad adempiere alle finalit\u00e0 indicate.<br \/>\nDiritti dell\u2019interessato:<br \/>\nAi sensi degli articoli 13, comma 2, e da 15 a 21 del Regolamento, La informiamo che in merito al trattamento dei Suoi dati personali Lei potr\u00e0 esercitare i seguenti diritti:<br \/>\na) Diritto di ottenere l\u2019accesso ai dati personali e alle seguenti informazioni:<br \/>\n- la conferma che sia o meno in corso il trattamento di propri dati personali;<br \/>\n- le finalit\u00e0 del trattamento;<br \/>\n- le categorie di dati personali;<br \/>\n- i destinatari o le categorie di destinatari a cui i dati personali sono stati o saranno comunicati;<br \/>\n- qualora i dati non siano raccolti presso l'interessato, tutte le informazioni disponibili sulla loro origine;<br \/>\n- l'esistenza di un processo decisionale automatizzato, compresa la profilazione;<br \/>\n- una copia dei dati personali oggetto di trattamento.<br \/>\nb) Diritto di rettifica ed integrazione dei dati personali;<br \/>\nc) Diritto alla cancellazione dei dati (\u00abdiritto all'oblio\u00bb) se sussiste uno dei seguenti motivi:<br \/>\n1. i dati personali non sono pi\u00f9 necessari rispetto alle finalit\u00e0 per le quali sono stati raccolti o altrimenti trattati;<br \/>\n2. l\u2019interessato revoca il consenso al trattamento dei dati e non sussiste altro fondamento giuridico per il trattamento;<br \/>\n3. l'interessato si oppone al trattamento e non sussiste alcun motivo legittimo prevalente per procedere al trattamento;<br \/>\n4. i dati personali sono stati trattati illecitamente;<br \/>\n5. i dati personali devono essere cancellati per adempiere un obbligo legale previsto dal diritto dell'Unione o dello Stato membro cui \u00e8 soggetto il titolare del trattamento.<br \/>\nIl titolare del trattamento, se ha reso pubblici dati personali ed \u00e8 obbligato a cancellarli, deve informare gli altri titolari che trattano i dati personali della richiesta di cancellare qualsiasi link, copia o riproduzione dei suoi dati.<br \/>\nd) Diritto alla limitazione del trattamento nel caso in cui:<br \/>\n1. l\u2019interessato contesti l'esattezza dei dati personali, per il periodo necessario al titolare del trattamento per verificare l'esattezza di tali dati personali;<br \/>\n2. il trattamento \u00e8 illecito e l'interessato si oppone alla cancellazione dei dati personali e chiede invece che ne sia limitato l'utilizzo;<br \/>\n3. bench\u00e9 il titolare del trattamento non ne abbia pi\u00f9 bisogno ai fini del trattamento, i dati personali sono necessari all'interessato per l'accertamento, l'esercizio o la difesa di un diritto in sede giudiziaria;<br \/>\n4. l\u2019interessato si \u00e8 opposto al trattamento, in attesa della verifica in merito all'eventuale prevalenza dei motivi legittimi del titolare del trattamento rispetto a quelli dell'interessato.<br \/>\ne) Diritto di proporre un reclamo al Garante per la protezione dei dati personali, seguendo le procedure e le indicazioni pubblicate sul sito web ufficiale dell\u2019Autorit\u00e0 www.garanteprivacy.it.<br \/>\nf) Diritto alla portabilit\u00e0 del dato dell\u2019interessato ovvero il diritto di ricevere in un formato strutturato, di uso comune e leggibile da dispositivo automatico i dati personali che lo riguardano forniti a un titolare del trattamento ed eventualmente trasmetterli a un altro titolare del trattamento, qualora il trattamento si basi sul consenso o su un contratto e sia effettuato con mezzi automatizzati. Ove tecnicamente possibile, l\u2019interessato ha il diritto di ottenere la trasmissione diretta dei dati da un titolare del trattamento ad un altro.<br \/>\ng) Diritto di opporsi in qualsiasi momento al trattamento dei dati personali, compresa la profilazione, in particolare nel caso in cui:<br \/>\n1. il trattamento avviene sulla base del legittimo interesse del titolare, previa esplicitazione dei motivi dell\u2019opposizione;<br \/>\n2. i dati personali sono trattati per finalit\u00e0 di marketing diretto.<br \/>\nh) Diritto di non essere sottoposto a una decisione basata unicamente sul trattamento automatizzato, compresa la profilazione, salvo nei casi in cui la decisione: sia necessaria per la conclusione o l'esecuzione di un contratto tra l'interessato e un titolare del trattamento, sia autorizzata dal diritto dell'Unione o dello Stato membro cui \u00e8 soggetto il titolare del trattamento o si basi sul consenso esplicito dell\u2019interessato.<br \/>\ni) Diritto di revocare il consenso in qualsiasi momento; i dati, ove non poggino su altra base giuridica (tra cui, adempimento di un obbligo di legge o esecuzione di un contratto) devono essere cancellati dal titolare.\nL\u2019esercizio dei diritti non \u00e8 soggetto ad alcun vincolo di forma ed \u00e8 gratuito.\nModalit\u00e0 di esercizio dei diritti<br \/>\nL\u2019interessato potr\u00e0 in qualsiasi momento esercitare i diritti inviando:<br \/>\n- una raccomandata a\/r a ITALIANA DISTILLATI BASSANO SRL, Via Volta 16 \u2013 36060 Romano d\u2019Ezzelino (VI);<br \/>\n- una e-mail all\u2019indirizzo bassanina@cert.bassanina.it\nTitolare del trattamento<br \/>\nIl Titolare del trattamento \u00e8 ITALIANA DISTILLATI BASSANO SRL, VIA ANGARANO 22, 36061 BASSANO DEL GRAPPA<\/div>\n                \n    <\/div>\n\n    [\/vc_column][vc_column width=&#8221;1\/6&#8243;][\/vc_column][\/vc_row][vc_row row_type=&#8221;parallax&#8221; background_img_id=&#8221;12618&#8243; parallax_speed=&#8221;1200&#8243; min_height=&#8221;320&#8243;][vc_column][vc_column_text]<\/p>\n<p>&nbsp;<\/p>\n<h2 style=\"text-align: center;\"><span style=\"color: #ffffff;\"><strong><span style=\"font-size: 16px;\">Il nostro servizio clienti vi risponder\u00e0 da Luned\u00ec a Gioved\u00ec dalle 8.00 alle 13.00 e dalle 14.00 alle 17.00 e Venerd\u00ec dalle 8:00 alle 13:00<\/span><\/strong><\/span><\/h2>\n<p>[\/vc_column_text][\/vc_column][\/vc_row]<\/p>\n","protected":false},"excerpt":{"rendered":"<p>[vc_row row_type=&#8221;parallax&#8221; background_img_id=&#8221;12635&#8243; overlay_opacity=&#8221;.6&#8243; min_height=&#8221;400&#8243;][vc_column width=&#8221;1\/2&#8243; css=&#8221;.vc_custom_1460870838214{margin-top: 150px !important;}&#8221;][vc_empty_space height=&#8221;50px&#8221;][vc_empty_space][\/vc_column][vc_column width=&#8221;1\/2&#8243;][\/vc_column][\/vc_row][vc_row row_padding_top=&#8221;50&#8243;][vc_column width=&#8221;1\/6&#8243; offset=&#8221;vc_col-lg-2 vc_col-md-2&#8243;][\/vc_column][vc_column width=&#8221;2\/3&#8243;][\/vc_column][vc_column width=&#8221;1\/6&#8243;][\/vc_column][\/vc_row][vc_row row_type=&#8221;parallax&#8221; background_img_id=&#8221;12618&#8243; parallax_speed=&#8221;1200&#8243; min_height=&#8221;320&#8243;][vc_column][vc_column_text] &nbsp; Il nostro servizio clienti vi risponder\u00e0 da Luned\u00ec a Gioved\u00ec dalle 8.00 alle 13.00 e dalle 14.00 alle 17.00 e Venerd\u00ec dalle 8:00 alle 13:00 [\/vc_column_text][\/vc_column][\/vc_row]<\/p>\n","protected":false},"author":2,"featured_media":0,"parent":0,"menu_order":0,"comment_status":"closed","ping_status":"closed","template":"","meta":[],"yst_prominent_words":[],"_links":{"self":[{"href":"https:\/\/www.bassanina.it\/index.php?rest_route=\/wp\/v2\/pages\/15901"}],"collection":[{"href":"https:\/\/www.bassanina.it\/index.php?rest_route=\/wp\/v2\/pages"}],"about":[{"href":"https:\/\/www.bassanina.it\/index.php?rest_route=\/wp\/v2\/types\/page"}],"author":[{"embeddable":true,"href":"https:\/\/www.bassanina.it\/index.php?rest_route=\/wp\/v2\/users\/2"}],"replies":[{"embeddable":true,"href":"https:\/\/www.bassanina.it\/index.php?rest_route=%2Fwp%2Fv2%2Fcomments&post=15901"}],"version-history":[{"count":9,"href":"https:\/\/www.bassanina.it\/index.php?rest_route=\/wp\/v2\/pages\/15901\/revisions"}],"predecessor-version":[{"id":15910,"href":"https:\/\/www.bassanina.it\/index.php?rest_route=\/wp\/v2\/pages\/15901\/revisions\/15910"}],"wp:attachment":[{"href":"https:\/\/www.bassanina.it\/index.php?rest_route=%2Fwp%2Fv2%2Fmedia&parent=15901"}],"wp:term":[{"taxonomy":"yst_prominent_words","embeddable":true,"href":"https:\/\/www.bassanina.it\/index.php?rest_route=%2Fwp%2Fv2%2Fyst_prominent_words&post=15901"}],"curies":[{"name":"wp","href":"https:\/\/api.w.org\/{rel}","templated":true}]}}