{"id":30170,"date":"2020-06-23T14:25:26","date_gmt":"2020-06-23T12:25:26","guid":{"rendered":"http:\/\/www.bassanina.it\/?page_id=30170"},"modified":"2020-06-23T17:32:17","modified_gmt":"2020-06-23T15:32:17","slug":"la-nostra-storia","status":"publish","type":"page","link":"https:\/\/www.bassanina.it\/?page_id=30170&lang=es","title":{"rendered":"La Nostra Storia"},"content":{"rendered":"<p>[vc_row row_type=&#8221;parallax&#8221; background_img_id=&#8221;12857&#8243; overlay_opacity=&#8221;.8&#8243; min_height=&#8221;500&#8243;][vc_column css=&#8221;.vc_custom_1526496375396{padding-top: 150px !important;padding-bottom: 120px !important;}&#8221;]\n    <div id=\"custom-title_1\" class=\"custom-title fontSize100 letterspacing0 textbackgroundstyle\"  data-delay=\"0\" data-animation=\"none\" >\n    \n        \n\n        <div class=\"title\" style=\"color: #ffffff;  font-family:'Montserrat'!important; font-weight:400; font-style:normal; \">\n            <span>\n                Nuestra Historia            <\/span>\n\n\n            \n        <\/div>\n\n            \n            <span class=\"textbackground\"  style=\"  font-family:'Montserrat'!important; font-weight:400; font-style:normal; \"><\/span>\n\n             \n\n            <\/div>\n\n    [\/vc_column][\/vc_row][vc_row][vc_column width=&#8221;1\/6&#8243;][\/vc_column][vc_column width=&#8221;2\/3&#8243;][vc_empty_space height=&#8221;40px&#8221;][vc_column_text text_animation=&#8221;fade-in-bottom&#8221; text_animation_delay=&#8221;250&#8243;]<\/p>\n<p style=\"text-align: center;\"><span style=\"color: #3a3a3a;\"><span style=\"font-size: 21px;\"><b>La empresa<\/b><\/span><\/span><\/p>\n<p style=\"text-align: center;\"><span style=\"color: #3a3a3a;\"><span style=\"font-size: 14px;\">Italiana Distillati es una t\u00edpica impresa familiar y atesanal. Situada en un establecimiento y una licorer\u00eda en el centro de Bassano Del Grappa, muy cerca al c\u00e9lebre Ponte Vecchio.<\/span><\/span><\/p>\n<p style=\"text-align: center;\">El fundador, Giorgio Cenere, empez\u00f3 la compa\u00f1\u00eda por su cuenta en 1968, despu\u00e9s de un largo per\u00edodo de trabajo en las antiguas destiler\u00eda Lovato, que a la \u00e9poca pertenec\u00edan a una otra rama de la familia; fue \u00e9l, el fondador de la marca <em>Bassanina<\/em>, compuesta por el bol\u00edgrafo negro, t\u00edpicamente alpino y la t\u00edpica botella.<\/p>\n<p style=\"text-align: center;\">Adem\u00e1s de las tres cl\u00e1sicas (grappa Bianca, stravecchia y alla ruta) la impresa produjo una gama de Grappa Monovitigno, un Brandy y licores, como por ejemplo los ar\u00e1ndanos, las ciruelas, limoncello (de lim\u00f3n) y la Tagliatella, una particolar y t\u00edpico licor de Baasano. Hoy en d\u00eda, Iitaliana Distillati es sempre dirigido por la familia Cenere, en el respecto de la filosof\u00eda de su creador, certificada con arreglo a las normas UNI EN ISO 9001 y es conforme con las mejores notas a los a los est\u00e1ndares europeos IFS y BRC.<\/p>\n<p style=\"text-align: center;\">La calidad del producto, la atenci\u00f3n de embalaje y la excelencia en el servicio son, desde siempre puntos fuertes de la impresa.<\/p>\n<p>[\/vc_column_text][vc_empty_space height=&#8221;50px&#8221;][\/vc_column][vc_column width=&#8221;1\/6&#8243;][\/vc_column][\/vc_row][vc_row row_type=&#8221;parallax&#8221; background_img_id=&#8221;12438&#8243; parallax_speed=&#8221;800&#8243; min_height=&#8221;500&#8243;][vc_column][vc_column_text]<\/p>\n<h1><\/h1>\n<p>&nbsp;<\/p>\n<p>&nbsp;<\/p>\n<p>&nbsp;<\/p>\n<p>&nbsp;<\/p>\n<p>&nbsp;<\/p>\n<p>&nbsp;<\/p>\n<h2><\/h2>\n<h2 style=\"text-align: center;\"><em><span style=\"color: #ffffff;\">Grappa Italiana destilada por vapor<\/span><\/em><\/h2>\n<p>[\/vc_column_text][\/vc_column][\/vc_row][vc_row][vc_column width=&#8221;1\/6&#8243;][\/vc_column][vc_column width=&#8221;2\/3&#8243;][vc_empty_space height=&#8221;50px&#8221;][vc_column_text text_animation=&#8221;fade-in-bottom&#8221; text_animation_delay=&#8221;250&#8243;]<\/p>\n<p style=\"text-align: center;\"><span style=\"color: #3a3a3a;\"><strong><span style=\"font-size: 21px;\">La Grappa<\/span><\/strong><\/span><\/p>\n<p style=\"text-align: center;\"><span style=\"color: #3a3a3a;\"><br \/>\nLa Grappa representa el verdadero y \u00fanico destilado exclusivamente italiano, cuyas or\u00edgenes se remontan hace siglos.<br \/>\nObtenido por destilaci\u00f3n del orujo de uva, con instalaciones ubicadas en el territorio nacional, que respondan a exactas caracter\u00edsticas, determinadas por las normativas en vigor. El orujo de uva es la parte de la uva en la que se acumulan las sustancias arom\u00e1ticas, que contiene el aroma de uva y de vino, que renden la Grappa aut\u00e9ntica.<br \/>\nLa Grappa fue inventada por el pueblo italiano m\u00e1s o menos en el a\u00f1o 1000, cuando la escuela salernitana, codific\u00f3 las reglas de concentraci\u00f3n del alcohol mediante la destilaci\u00f3n de orujos que remontan al 1600 y se deben a los jesuitas.<br \/>\nLa clasificaci\u00f3n de la Grappa es muy completa y es en funci\u00f3n de sus caracter\u00edsticas organol\u00e9pticas; podemos encontrar los siguientes tipos:<br \/>\n<\/span><\/p>\n<ul>\n<li style=\"text-align: center;\"><span style=\"font-size: 14px;\"><strong><a href=\"https:\/\/www.bassanina.it\/?product_cat=grappe-giovani\">Grappa Giovane<\/a><\/strong><\/span><\/li>\n<li style=\"text-align: center;\"><span style=\"font-size: 14px;\"><strong><a href=\"https:\/\/www.bassanina.it\/?product_cat=grappe-invecchiate\">Grappa Invecchiata<\/a><\/strong><\/span><\/li>\n<li style=\"text-align: center;\"><span style=\"font-size: 14px;\"><strong><a href=\"https:\/\/www.bassanina.it\/?product_cat=grappe-aromatizzate\">Grappa Aromatizzata<\/a><\/strong><\/span><\/li>\n<li style=\"text-align: center;\"><strong style=\"font-size: 14px;\"><a href=\"https:\/\/www.bassanina.it\/?product_cat=grappe-monovitigno\">Grappa Monovitigno<\/a><\/strong><\/li>\n<\/ul>\n<p style=\"text-align: center;\">\u00danica, valiosa y exclusivamente italiana es en resumen lo que caracteriza la Grappa haci\u00e9ndolo uno de los mejores destilados del mundo.<\/p>\n<p>\u00a0[\/vc_column_text][vc_empty_space height=&#8221;60px&#8221;][\/vc_column][vc_column width=&#8221;1\/6&#8243;][\/vc_column][\/vc_row][vc_row row_type=&#8221;parallax&#8221; background_img_id=&#8221;12707&#8243; parallax_speed=&#8221;800&#8243; min_height=&#8221;300&#8243;][vc_column][\/vc_column][\/vc_row]<\/p>\n","protected":false},"excerpt":{"rendered":"<p>[vc_row row_type=&#8221;parallax&#8221; background_img_id=&#8221;12857&#8243; overlay_opacity=&#8221;.8&#8243; min_height=&#8221;500&#8243;][vc_column css=&#8221;.vc_custom_1526496375396{padding-top: 150px !important;padding-bottom: 120px !important;}&#8221;][\/vc_column][\/vc_row][vc_row][vc_column width=&#8221;1\/6&#8243;][\/vc_column][vc_column width=&#8221;2\/3&#8243;][vc_empty_space height=&#8221;40px&#8221;][vc_column_text text_animation=&#8221;fade-in-bottom&#8221; text_animation_delay=&#8221;250&#8243;] La empresa Italiana Distillati es una t\u00edpica impresa familiar y atesanal. Situada en un establecimiento y una licorer\u00eda en el centro de Bassano Del Grappa, muy cerca al c\u00e9lebre Ponte Vecchio. El fundador, Giorgio Cenere, empez\u00f3 la compa\u00f1\u00eda por su<\/p>\n","protected":false},"author":2,"featured_media":0,"parent":0,"menu_order":0,"comment_status":"closed","ping_status":"closed","template":"","meta":[],"yst_prominent_words":[],"_links":{"self":[{"href":"https:\/\/www.bassanina.it\/index.php?rest_route=\/wp\/v2\/pages\/30170"}],"collection":[{"href":"https:\/\/www.bassanina.it\/index.php?rest_route=\/wp\/v2\/pages"}],"about":[{"href":"https:\/\/www.bassanina.it\/index.php?rest_route=\/wp\/v2\/types\/page"}],"author":[{"embeddable":true,"href":"https:\/\/www.bassanina.it\/index.php?rest_route=\/wp\/v2\/users\/2"}],"replies":[{"embeddable":true,"href":"https:\/\/www.bassanina.it\/index.php?rest_route=%2Fwp%2Fv2%2Fcomments&post=30170"}],"version-history":[{"count":3,"href":"https:\/\/www.bassanina.it\/index.php?rest_route=\/wp\/v2\/pages\/30170\/revisions"}],"predecessor-version":[{"id":30172,"href":"https:\/\/www.bassanina.it\/index.php?rest_route=\/wp\/v2\/pages\/30170\/revisions\/30172"}],"wp:attachment":[{"href":"https:\/\/www.bassanina.it\/index.php?rest_route=%2Fwp%2Fv2%2Fmedia&parent=30170"}],"wp:term":[{"taxonomy":"yst_prominent_words","embeddable":true,"href":"https:\/\/www.bassanina.it\/index.php?rest_route=%2Fwp%2Fv2%2Fyst_prominent_words&post=30170"}],"curies":[{"name":"wp","href":"https:\/\/api.w.org\/{rel}","templated":true}]}}