{"id":30174,"date":"2020-06-23T14:36:12","date_gmt":"2020-06-23T12:36:12","guid":{"rendered":"http:\/\/www.bassanina.it\/?page_id=30174"},"modified":"2020-06-23T17:31:55","modified_gmt":"2020-06-23T15:31:55","slug":"il-processo","status":"publish","type":"page","link":"https:\/\/www.bassanina.it\/?page_id=30174&lang=es","title":{"rendered":"Il Processo"},"content":{"rendered":"<p>[vc_row row_type=&#8221;parallax&#8221; background_img_id=&#8221;12395&#8243; overlay_opacity=&#8221;.8&#8243; min_height=&#8221;500&#8243;][vc_column css=&#8221;.vc_custom_1526496375396{padding-top: 150px !important;padding-bottom: 120px !important;}&#8221;]\n    <div id=\"custom-title_1\" class=\"custom-title fontSize100 letterspacing0 textbackgroundstyle\"  data-delay=\"0\" data-animation=\"none\" >\n    \n        \n\n        <div class=\"title\" style=\"color: #ffffff;  font-family:'Montserrat'!important; font-weight:400; font-style:normal; \">\n            <span>\n                EL PROCESO            <\/span>\n\n\n            \n        <\/div>\n\n            \n            <span class=\"textbackground\"  style=\"  font-family:'Montserrat'!important; font-weight:400; font-style:normal; \"><\/span>\n\n             \n\n            <\/div>\n\n    [\/vc_column][\/vc_row][vc_row][vc_column width=&#8221;1\/6&#8243;][\/vc_column][vc_column width=&#8221;2\/3&#8243;][vc_empty_space height=&#8221;50px&#8221;][vc_column_text text_animation=&#8221;fade-in-bottom&#8221; text_animation_delay=&#8221;250&#8243;]<\/p>\n<p style=\"text-align: center;\"><span style=\"color: #3a3a3a;\"><span style=\"font-size: 21px;\"><b>La producci\u00f3n<\/b><\/span><\/span><\/p>\n<p class=\"p1\" style=\"text-align: center;\"><span class=\"s1\">La exacta destilaci\u00f3n de vinazas italianas frescas, de alta calidad, ha desarrollado los perfumen, la fragrancia y la fuerza del gusto caracter\u00edsticos de la Grappa Bassanina.<\/span><\/p>\n<p class=\"p1\" style=\"text-align: center;\"><span class=\"s1\">Dentro nuestro establecimiento, el destilado se destina en parte a ser envejecido en las botas de nuestras bodegas y en parte a ser transformado en el producto acabado, listo al consumo. Mediante aparatos enol\u00f3gicos de vanguardia, el destilado bruto se lleva a la correcta graduaci\u00f3n, entonces viene refrigerado y filtrado. Los mejores ingredientes se selecionan para ser mezclados y obtener el licor Bassanina.<br \/>\n<\/span><\/p>\n<p class=\"p1\" style=\"text-align: center;\"><span class=\"s1\">En nuestro establecimiento ,el destilado se destina en parte a envejecer en barriles, de nuestras bodegas y transformado en el produco final, listo al consumo. Con la utilizaci\u00f3n de equipo enol\u00f3gicos de vanguardia, el destilado bruto, se lleva a la correcta graduaci\u00f3n, y entonces refrigerada y filtrada. Asimismo, se mezclan los mejores ingredientes para obtener los licores Bassanina.<br \/>\nNuestros modernos sistemas de embotellamiento grantizan un control constante, para asegurar, de la botola vac\u00eda al embalaje definitivo, la perfecta integridad y salubridad del produco.<br \/>\n<\/span><\/p>\n<p>[\/vc_column_text][vc_empty_space height=&#8221;50px&#8221;][\/vc_column][vc_column width=&#8221;1\/6&#8243;][\/vc_column][\/vc_row][vc_row row_type=&#8221;parallax&#8221; background_img_id=&#8221;12876&#8243; parallax_speed=&#8221;800&#8243; min_height=&#8221;350&#8243;][vc_column][\/vc_column][\/vc_row][vc_row][vc_column width=&#8221;1\/6&#8243;][\/vc_column][vc_column width=&#8221;2\/3&#8243;][vc_empty_space height=&#8221;50px&#8221;][vc_column_text text_animation=&#8221;fade-in-bottom&#8221; text_animation_delay=&#8221;250&#8243;]<\/p>\n<p style=\"text-align: center;\"><span style=\"color: #3a3a3a;\"><span style=\"font-size: 21px;\"><b>Envejecimiento<\/b><\/span><\/span><\/p>\n<p class=\"p1\" style=\"text-align: center;\"><span class=\"s1\">El envejecimiento de la Grappa Bassanina Stravecchia y de la Grappa Bassanina Barrique se realizza en la penumbra de una espaciosa bodega, con el correcto grado de humedad, donde, en barriles de roble de Slavonia e in barrique de roble procedenete de seculares bosques franceses del Allier, el destilado se deja reposar, as\u00ed que se cumpla el lento refinamiento de las cualidades organol\u00e9pticas y la consecuci\u00f3n del t\u00edpico color \u00e1mbar. El gusto es exaltado del particolar sabor de \u201cenvejecido\u201d y con el perfumen se desprende la gran armon\u00eda entre dulzura y firmeza. <\/span><\/p>\n<p>[\/vc_column_text][vc_empty_space height=&#8221;50px&#8221;][\/vc_column][vc_column width=&#8221;1\/6&#8243;][\/vc_column][\/vc_row][vc_row row_type=&#8221;parallax&#8221; background_img_id=&#8221;12436&#8243; parallax_speed=&#8221;800&#8243; min_height=&#8221;350&#8243;][vc_column][\/vc_column][\/vc_row][vc_row][vc_column width=&#8221;1\/6&#8243;][\/vc_column][vc_column width=&#8221;2\/3&#8243;][vc_empty_space height=&#8221;50px&#8221;][vc_column_text text_animation=&#8221;fade-in-bottom&#8221; text_animation_delay=&#8221;250&#8243;]<\/p>\n<p style=\"text-align: center;\"><span style=\"color: #3a3a3a;\"><span style=\"font-size: 21px;\"><b>Log\u00edstica<br \/>\n<\/b><\/span><\/span><\/p>\n<p style=\"text-align: center;\">Italiana Distillati Bassano es una empresa moderna, cuidadosa a las necesidades cambiantes necesidades del mercado y a las calidades del servicios prestado. Garantizamos env\u00edos r\u00e1pidos y fiables.<\/p>\n<p>[\/vc_column_text][vc_empty_space height=&#8221;50px&#8221;][\/vc_column][vc_column width=&#8221;1\/6&#8243;][\/vc_column][\/vc_row][vc_row row_type=&#8221;parallax&#8221; background_img_id=&#8221;12861&#8243; parallax_speed=&#8221;800&#8243; min_height=&#8221;250&#8243;][vc_column][\/vc_column][\/vc_row]<\/p>\n","protected":false},"excerpt":{"rendered":"<p>[vc_row row_type=&#8221;parallax&#8221; background_img_id=&#8221;12395&#8243; overlay_opacity=&#8221;.8&#8243; min_height=&#8221;500&#8243;][vc_column css=&#8221;.vc_custom_1526496375396{padding-top: 150px !important;padding-bottom: 120px !important;}&#8221;][\/vc_column][\/vc_row][vc_row][vc_column width=&#8221;1\/6&#8243;][\/vc_column][vc_column width=&#8221;2\/3&#8243;][vc_empty_space height=&#8221;50px&#8221;][vc_column_text text_animation=&#8221;fade-in-bottom&#8221; text_animation_delay=&#8221;250&#8243;] La producci\u00f3n La exacta destilaci\u00f3n de vinazas italianas frescas, de alta calidad, ha desarrollado los perfumen, la fragrancia y la fuerza del gusto caracter\u00edsticos de la Grappa Bassanina. Dentro nuestro establecimiento, el destilado se destina en parte a ser envejecido<\/p>\n","protected":false},"author":2,"featured_media":0,"parent":0,"menu_order":0,"comment_status":"closed","ping_status":"closed","template":"","meta":[],"yst_prominent_words":[],"_links":{"self":[{"href":"https:\/\/www.bassanina.it\/index.php?rest_route=\/wp\/v2\/pages\/30174"}],"collection":[{"href":"https:\/\/www.bassanina.it\/index.php?rest_route=\/wp\/v2\/pages"}],"about":[{"href":"https:\/\/www.bassanina.it\/index.php?rest_route=\/wp\/v2\/types\/page"}],"author":[{"embeddable":true,"href":"https:\/\/www.bassanina.it\/index.php?rest_route=\/wp\/v2\/users\/2"}],"replies":[{"embeddable":true,"href":"https:\/\/www.bassanina.it\/index.php?rest_route=%2Fwp%2Fv2%2Fcomments&post=30174"}],"version-history":[{"count":2,"href":"https:\/\/www.bassanina.it\/index.php?rest_route=\/wp\/v2\/pages\/30174\/revisions"}],"predecessor-version":[{"id":30177,"href":"https:\/\/www.bassanina.it\/index.php?rest_route=\/wp\/v2\/pages\/30174\/revisions\/30177"}],"wp:attachment":[{"href":"https:\/\/www.bassanina.it\/index.php?rest_route=%2Fwp%2Fv2%2Fmedia&parent=30174"}],"wp:term":[{"taxonomy":"yst_prominent_words","embeddable":true,"href":"https:\/\/www.bassanina.it\/index.php?rest_route=%2Fwp%2Fv2%2Fyst_prominent_words&post=30174"}],"curies":[{"name":"wp","href":"https:\/\/api.w.org\/{rel}","templated":true}]}}