{"id":30203,"date":"2018-05-28T11:24:11","date_gmt":"2020-06-23T14:09:24","guid":{"rendered":"http:\/\/www.bassanina.it\/?post_type=product&#038;p=30203"},"modified":"2020-06-23T16:11:34","modified_gmt":"2020-06-23T14:11:34","slug":"grappa-bassanina-prosecco-38-05l","status":"publish","type":"product","link":"https:\/\/www.bassanina.it\/?product=grappa-bassanina-prosecco-38-05l&lang=es","title":{"rendered":"Grappa Bassanina Prosecco 38\u00b0 0,5L"},"content":{"rendered":"<p>[vc_row][vc_column][vc_column_text]<\/p>\n<p>[\/vc_column_text][\/vc_column][\/vc_row][vc_row background_color=&#8221;#f8f8f8&#8243; row_padding_top=&#8221;100&#8243; row_padding_bottom=&#8221;100&#8243;][vc_column width=&#8221;1\/6&#8243; css=&#8221;.vc_custom_1466572147639{padding-right: 50px !important;padding-left: 30px !important;}&#8221;][\/vc_column][vc_column width=&#8221;2\/3&#8243; css=&#8221;.vc_custom_1466572981768{padding-right: 50px !important;padding-left: 50px !important;}&#8221;]    <style type=\"text\/css\" media=\"all\">\n            <\/style>\n    \n    <div id=\"textbox_1\" class=\"textBox    nosubtitle    fontSize32 textBoxCenter textBoxUnderCenter textBoxNoStyle\"   data-delay=\"0\" data-animation=\"none\"  >\n        \n        \n                                     \n                    <div class=\"clearfix\">\n                        <div class=\"title clearfix\"  style=\"color:#262626;\" >\n                            \n                            \n                            Grappa Bassanina Prosecco\n                            \n                                                    \n                        <\/div>\n                    <\/div>\n\n                \n                \n                    <div class=\"contentfs16 text\"  style=\"color: #707070;\" >La Grappa Bassanina Prosecco se obtiene de la destilaci\u00f3n de orujo de uva fresca, seleccionada de de vi\u00f1edos de Prosecco, cuyas renombradas caracter\u00edsticas son famosas en todo el mundo. Su color es perfectamente transparente y cristalino, su perfume inconfundible. Su sabor es ligeramente floral y herb\u00e1ceo. Se sirve mejor en tulipe(copas), a la temperatura ideal de 15\u00b0, con un grado alcoh\u00f3lico de 38\u00b0, est\u00e1 disponible en tama\u00f1o 0.5 L y tambi\u00e9n en cajas.<\/div>\n                \n    <\/div>\n\n    [\/vc_column][vc_column width=&#8221;1\/6&#8243;][\/vc_column][\/vc_row][vc_column][\/vc_column]<\/p>\n","protected":false},"excerpt":{"rendered":"<p>[vc_row][vc_column][vc_column_text] [\/vc_column_text][\/vc_column][\/vc_row][vc_row background_color=&#8221;#f8f8f8&#8243; row_padding_top=&#8221;100&#8243; row_padding_bottom=&#8221;100&#8243;][vc_column width=&#8221;1\/6&#8243; css=&#8221;.vc_custom_1466572147639{padding-right: 50px !important;padding-left: 30px !important;}&#8221;][\/vc_column][vc_column width=&#8221;2\/3&#8243; css=&#8221;.vc_custom_1466572981768{padding-right: 50px !important;padding-left: 50px !important;}&#8221;][\/vc_column][vc_column width=&#8221;1\/6&#8243;][\/vc_column][\/vc_row][vc_column][\/vc_column]<\/p>\n","protected":false},"featured_media":30208,"template":"","meta":[],"product_cat":[134],"product_tag":[],"yst_prominent_words":[],"_links":{"self":[{"href":"https:\/\/www.bassanina.it\/index.php?rest_route=\/wp\/v2\/product\/30203"}],"collection":[{"href":"https:\/\/www.bassanina.it\/index.php?rest_route=\/wp\/v2\/product"}],"about":[{"href":"https:\/\/www.bassanina.it\/index.php?rest_route=\/wp\/v2\/types\/product"}],"wp:featuredmedia":[{"embeddable":true,"href":"https:\/\/www.bassanina.it\/index.php?rest_route=\/wp\/v2\/media\/30208"}],"wp:attachment":[{"href":"https:\/\/www.bassanina.it\/index.php?rest_route=%2Fwp%2Fv2%2Fmedia&parent=30203"}],"wp:term":[{"taxonomy":"product_cat","embeddable":true,"href":"https:\/\/www.bassanina.it\/index.php?rest_route=%2Fwp%2Fv2%2Fproduct_cat&post=30203"},{"taxonomy":"product_tag","embeddable":true,"href":"https:\/\/www.bassanina.it\/index.php?rest_route=%2Fwp%2Fv2%2Fproduct_tag&post=30203"},{"taxonomy":"yst_prominent_words","embeddable":true,"href":"https:\/\/www.bassanina.it\/index.php?rest_route=%2Fwp%2Fv2%2Fyst_prominent_words&post=30203"}],"curies":[{"name":"wp","href":"https:\/\/api.w.org\/{rel}","templated":true}]}}