{"id":30346,"date":"2018-05-27T16:26:52","date_gmt":"2018-05-27T14:26:52","guid":{"rendered":"https:\/\/www.bassanina.it\/?product=grappa-bassanina-alla-ruta-40"},"modified":"2018-05-27T16:26:52","modified_gmt":"2018-05-27T14:26:52","slug":"grappa-bassanina-alla-ruta-40","status":"publish","type":"product","link":"https:\/\/www.bassanina.it\/?product=grappa-bassanina-alla-ruta-40&lang=es","title":{"rendered":"Grappa Bassanina Alla Ruta <br>40\u00b0"},"content":{"rendered":"<p>[vc_row][vc_column][vc_column_text]<\/p>\n<p>[\/vc_column_text][\/vc_column][\/vc_row][vc_row background_color=&#8221;#f8f8f8&#8243; row_padding_top=&#8221;100&#8243; row_padding_bottom=&#8221;100&#8243;][vc_column width=&#8221;1\/6&#8243; css=&#8221;.vc_custom_1466572147639{padding-right: 50px !important;padding-left: 30px !important;}&#8221;][\/vc_column][vc_column width=&#8221;2\/3&#8243; css=&#8221;.vc_custom_1466572981768{padding-right: 50px !important;padding-left: 50px !important;}&#8221;]    <style type=\"text\/css\" media=\"all\">\n            <\/style>\n    \n    <div id=\"textbox_1\" class=\"textBox    nosubtitle    fontSize32 textBoxCenter textBoxUnderCenter textBoxNoStyle\"   data-delay=\"0\" data-animation=\"none\"  >\n        \n        \n                                     \n                    <div class=\"clearfix\">\n                        <div class=\"title clearfix\"  style=\"color:#262626;\" >\n                            \n                            \n                            Grappa Bassanina alla Ruta\n                            \n                                                    \n                        <\/div>\n                    <\/div>\n\n                \n                \n                    <div class=\"contentfs16 text\"  style=\"color: #707070;\" >La Grappa Bassanina Alla Ruta (ruda) es simplemente la Grappa Bassanina Bianca, aromatizada con ramitas de ruta procedente de la zona pedemontana en Veneto, que le confiere el t\u00edpico color verde cristalino, un perfume intenso y un aroma herb\u00e1ceo. Nota hace siglos por sus propriedades digestivas, se sirve mejor despu\u00e9s de la comida, a la temperatura ideal de 13-15\u00b0, con un grado alcoh\u00f3lico de 40\u00b0, est\u00e1 disponible en tama\u00f1o 0.5L y 1L.<\/div>\n                \n    <\/div>\n\n    [\/vc_column][vc_column width=&#8221;1\/6&#8243;][\/vc_column][\/vc_row][vc_column][\/vc_column]<\/p>\n","protected":false},"excerpt":{"rendered":"<p>[vc_row][vc_column][vc_column_text] [\/vc_column_text][\/vc_column][\/vc_row][vc_row background_color=&#8221;#f8f8f8&#8243; row_padding_top=&#8221;100&#8243; row_padding_bottom=&#8221;100&#8243;][vc_column width=&#8221;1\/6&#8243; css=&#8221;.vc_custom_1466572147639{padding-right: 50px !important;padding-left: 30px !important;}&#8221;][\/vc_column][vc_column width=&#8221;2\/3&#8243; css=&#8221;.vc_custom_1466572981768{padding-right: 50px !important;padding-left: 50px !important;}&#8221;][\/vc_column][vc_column width=&#8221;1\/6&#8243;][\/vc_column][\/vc_row][vc_column][\/vc_column]<\/p>\n","protected":false},"featured_media":30349,"template":"","meta":[],"product_cat":[131],"product_tag":[],"yst_prominent_words":[],"_links":{"self":[{"href":"https:\/\/www.bassanina.it\/index.php?rest_route=\/wp\/v2\/product\/30346"}],"collection":[{"href":"https:\/\/www.bassanina.it\/index.php?rest_route=\/wp\/v2\/product"}],"about":[{"href":"https:\/\/www.bassanina.it\/index.php?rest_route=\/wp\/v2\/types\/product"}],"wp:featuredmedia":[{"embeddable":true,"href":"https:\/\/www.bassanina.it\/index.php?rest_route=\/wp\/v2\/media\/30349"}],"wp:attachment":[{"href":"https:\/\/www.bassanina.it\/index.php?rest_route=%2Fwp%2Fv2%2Fmedia&parent=30346"}],"wp:term":[{"taxonomy":"product_cat","embeddable":true,"href":"https:\/\/www.bassanina.it\/index.php?rest_route=%2Fwp%2Fv2%2Fproduct_cat&post=30346"},{"taxonomy":"product_tag","embeddable":true,"href":"https:\/\/www.bassanina.it\/index.php?rest_route=%2Fwp%2Fv2%2Fproduct_tag&post=30346"},{"taxonomy":"yst_prominent_words","embeddable":true,"href":"https:\/\/www.bassanina.it\/index.php?rest_route=%2Fwp%2Fv2%2Fyst_prominent_words&post=30346"}],"curies":[{"name":"wp","href":"https:\/\/api.w.org\/{rel}","templated":true}]}}