{"id":30355,"date":"2018-05-27T16:49:34","date_gmt":"2018-05-27T14:49:34","guid":{"rendered":"https:\/\/www.bassanina.it\/?product=grappa-bassanina-barrique"},"modified":"2020-06-24T10:01:27","modified_gmt":"2020-06-24T08:01:27","slug":"grappa-bassanina-barrique","status":"publish","type":"product","link":"https:\/\/www.bassanina.it\/?product=grappa-bassanina-barrique&lang=es","title":{"rendered":"Grappa Bassanina Barrique Riserva<br>42\u00b0 0,7L"},"content":{"rendered":"<p>[vc_row][vc_column][vc_column_text]<\/p>\n<p>[\/vc_column_text][\/vc_column][\/vc_row][vc_row background_color=&#8221;#f8f8f8&#8243; row_padding_top=&#8221;100&#8243; row_padding_bottom=&#8221;100&#8243;][vc_column width=&#8221;1\/6&#8243; css=&#8221;.vc_custom_1466572147639{padding-right: 50px !important;padding-left: 30px !important;}&#8221;][\/vc_column][vc_column width=&#8221;2\/3&#8243; css=&#8221;.vc_custom_1466572981768{padding-right: 50px !important;padding-left: 50px !important;}&#8221;]    <style type=\"text\/css\" media=\"all\">\n            <\/style>\n    \n    <div id=\"textbox_1\" class=\"textBox    nosubtitle    fontSize32 textBoxCenter textBoxUnderCenter textBoxNoStyle\"   data-delay=\"0\" data-animation=\"none\"  >\n        \n        \n                                     \n                    <div class=\"clearfix\">\n                        <div class=\"title clearfix\"  style=\"color:#262626;\" >\n                            \n                            \n                            Grappa Bassanina Barrique riserva\n                            \n                                                    \n                        <\/div>\n                    <\/div>\n\n                \n                \n                    <div class=\"contentfs16 text\"  style=\"color: #707070;\" >La Grappa Bassanina Barrique se obtiene de la destilaci\u00f3n, a la manera tradicional a vapor, de orujo de uva seleccionada fresca, despu\u00e9s cuidadosamente perfeccionada en barriles barrique. Los barriles barrique utlizados son de peque\u00f1o tama\u00f1o, de la capacidad de 225 litros, en madera de roble, procedente de las milenarias selvas fracesas d\u2019Allier. El perfecccionamento en estos barriles, confiere al produco el t\u00edpico color \u00e1mbar, el perfume intenso y el sabor firme y amable. La Grappa Bassanina Barrique se puede servir despu\u00e9s de la comida, en tulipe(copas), a la temperatura ideal de 13-15\u00b0, con un grado alcoh\u00f3lico<\/div>\n                \n    <\/div>\n\n    [\/vc_column][vc_column width=&#8221;1\/6&#8243;][\/vc_column][\/vc_row][vc_column][\/vc_column]<\/p>\n","protected":false},"excerpt":{"rendered":"<p>[vc_row][vc_column][vc_column_text] [\/vc_column_text][\/vc_column][\/vc_row][vc_row background_color=&#8221;#f8f8f8&#8243; row_padding_top=&#8221;100&#8243; row_padding_bottom=&#8221;100&#8243;][vc_column width=&#8221;1\/6&#8243; css=&#8221;.vc_custom_1466572147639{padding-right: 50px !important;padding-left: 30px !important;}&#8221;][\/vc_column][vc_column width=&#8221;2\/3&#8243; css=&#8221;.vc_custom_1466572981768{padding-right: 50px !important;padding-left: 50px !important;}&#8221;][\/vc_column][vc_column width=&#8221;1\/6&#8243;][\/vc_column][\/vc_row][vc_column][\/vc_column]<\/p>\n","protected":false},"featured_media":30216,"template":"","meta":[],"product_cat":[133],"product_tag":[],"yst_prominent_words":[],"_links":{"self":[{"href":"https:\/\/www.bassanina.it\/index.php?rest_route=\/wp\/v2\/product\/30355"}],"collection":[{"href":"https:\/\/www.bassanina.it\/index.php?rest_route=\/wp\/v2\/product"}],"about":[{"href":"https:\/\/www.bassanina.it\/index.php?rest_route=\/wp\/v2\/types\/product"}],"wp:featuredmedia":[{"embeddable":true,"href":"https:\/\/www.bassanina.it\/index.php?rest_route=\/wp\/v2\/media\/30216"}],"wp:attachment":[{"href":"https:\/\/www.bassanina.it\/index.php?rest_route=%2Fwp%2Fv2%2Fmedia&parent=30355"}],"wp:term":[{"taxonomy":"product_cat","embeddable":true,"href":"https:\/\/www.bassanina.it\/index.php?rest_route=%2Fwp%2Fv2%2Fproduct_cat&post=30355"},{"taxonomy":"product_tag","embeddable":true,"href":"https:\/\/www.bassanina.it\/index.php?rest_route=%2Fwp%2Fv2%2Fproduct_tag&post=30355"},{"taxonomy":"yst_prominent_words","embeddable":true,"href":"https:\/\/www.bassanina.it\/index.php?rest_route=%2Fwp%2Fv2%2Fyst_prominent_words&post=30355"}],"curies":[{"name":"wp","href":"https:\/\/api.w.org\/{rel}","templated":true}]}}