{"id":30356,"date":"2018-05-27T14:40:15","date_gmt":"2018-05-27T12:40:15","guid":{"rendered":"https:\/\/www.bassanina.it\/?product=grappa-bassanina-bianca-40-05l"},"modified":"2018-05-27T14:40:15","modified_gmt":"2018-05-27T12:40:15","slug":"grappa-bassanina-bianca-40-05l","status":"publish","type":"product","link":"https:\/\/www.bassanina.it\/?product=grappa-bassanina-bianca-40-05l&lang=es","title":{"rendered":"Grappa Bassanina Bianca <br>40\u00b0"},"content":{"rendered":"<p>[vc_row][vc_column][vc_column_text]<\/p>\n<p>[\/vc_column_text][\/vc_column][\/vc_row][vc_row background_color=&#8221;#f8f8f8&#8243; row_padding_top=&#8221;100&#8243; row_padding_bottom=&#8221;100&#8243;][vc_column width=&#8221;1\/6&#8243; css=&#8221;.vc_custom_1466572147639{padding-right: 50px !important;padding-left: 30px !important;}&#8221;][\/vc_column][vc_column width=&#8221;2\/3&#8243; css=&#8221;.vc_custom_1466572981768{padding-right: 50px !important;padding-left: 50px !important;}&#8221;]    <style type=\"text\/css\" media=\"all\">\n            <\/style>\n    \n    <div id=\"textbox_1\" class=\"textBox    nosubtitle    fontSize32 textBoxCenter textBoxUnderCenter textBoxNoStyle\"   data-delay=\"0\" data-animation=\"none\"  >\n        \n        \n                                     \n                    <div class=\"clearfix\">\n                        <div class=\"title clearfix\"  style=\"color:#262626;\" >\n                            \n                            \n                            Grappa Bassanina Bianca\n                            \n                                                    \n                        <\/div>\n                    <\/div>\n\n                \n                \n                    <div class=\"contentfs16 text\"  style=\"color: #707070;\" >La Grappa Bassanina Bianca se obtiene de la destilaci\u00f3n a la manera tradicional a vapor de orujo de uva seleccionada fresca. Su color es transparente y cristalino, su perfume intenso. Su caracter\u00edstica  principal son la fragrancia y el gusto firme y armonioso. La Grappa Bassanina Bianca se puede apreciar pura, con caf\u00e9 o rasentin, una manera t\u00edpica y particular de beber caf\u00e9 (la Grappa se junta solo haber despu\u00e9s haber bebido la mitad del caf\u00e9). Con un grado alcoh\u00f3lico de 40\u00b0, est\u00e1 disponible en tama\u00f1o 0,7 L, 1L  0,5 , 0,7L, 1L, 1,5L.<\/div>\n                \n    <\/div>\n\n    [\/vc_column][vc_column width=&#8221;1\/6&#8243;][\/vc_column][\/vc_row][vc_column][\/vc_column]<\/p>\n","protected":false},"excerpt":{"rendered":"<p>[vc_row][vc_column][vc_column_text] [\/vc_column_text][\/vc_column][\/vc_row][vc_row background_color=&#8221;#f8f8f8&#8243; row_padding_top=&#8221;100&#8243; row_padding_bottom=&#8221;100&#8243;][vc_column width=&#8221;1\/6&#8243; css=&#8221;.vc_custom_1466572147639{padding-right: 50px !important;padding-left: 30px !important;}&#8221;][\/vc_column][vc_column width=&#8221;2\/3&#8243; css=&#8221;.vc_custom_1466572981768{padding-right: 50px !important;padding-left: 50px !important;}&#8221;][\/vc_column][vc_column width=&#8221;1\/6&#8243;][\/vc_column][\/vc_row][vc_column][\/vc_column]<\/p>\n","protected":false},"featured_media":30362,"template":"","meta":[],"product_cat":[15],"product_tag":[],"yst_prominent_words":[],"_links":{"self":[{"href":"https:\/\/www.bassanina.it\/index.php?rest_route=\/wp\/v2\/product\/30356"}],"collection":[{"href":"https:\/\/www.bassanina.it\/index.php?rest_route=\/wp\/v2\/product"}],"about":[{"href":"https:\/\/www.bassanina.it\/index.php?rest_route=\/wp\/v2\/types\/product"}],"wp:featuredmedia":[{"embeddable":true,"href":"https:\/\/www.bassanina.it\/index.php?rest_route=\/wp\/v2\/media\/30362"}],"wp:attachment":[{"href":"https:\/\/www.bassanina.it\/index.php?rest_route=%2Fwp%2Fv2%2Fmedia&parent=30356"}],"wp:term":[{"taxonomy":"product_cat","embeddable":true,"href":"https:\/\/www.bassanina.it\/index.php?rest_route=%2Fwp%2Fv2%2Fproduct_cat&post=30356"},{"taxonomy":"product_tag","embeddable":true,"href":"https:\/\/www.bassanina.it\/index.php?rest_route=%2Fwp%2Fv2%2Fproduct_tag&post=30356"},{"taxonomy":"yst_prominent_words","embeddable":true,"href":"https:\/\/www.bassanina.it\/index.php?rest_route=%2Fwp%2Fv2%2Fyst_prominent_words&post=30356"}],"curies":[{"name":"wp","href":"https:\/\/api.w.org\/{rel}","templated":true}]}}