{"id":36693,"date":"2020-10-22T15:59:30","date_gmt":"2020-10-22T13:59:30","guid":{"rendered":"https:\/\/www.bassanina.it\/?post_type=product&#038;p=36693"},"modified":"2020-11-13T12:33:52","modified_gmt":"2020-11-13T11:33:52","slug":"grappa-bassanina-moscato-38-05l-copia","status":"publish","type":"product","link":"https:\/\/www.bassanina.it\/?product=grappa-bassanina-moscato-38-05l-copia","title":{"rendered":"4 tascabili Grappa Bianca <br>40\u00b0 0,1L x 4"},"content":{"rendered":"<p>[vc_row][vc_column][vc_column_text]<\/p>\n<p>[\/vc_column_text][\/vc_column][\/vc_row][vc_row background_color=&#8221;#f8f8f8&#8243; row_padding_top=&#8221;100&#8243; row_padding_bottom=&#8221;100&#8243;][vc_column width=&#8221;1\/6&#8243; css=&#8221;.vc_custom_1466572147639{padding-right: 50px !important;padding-left: 30px !important;}&#8221;][\/vc_column][vc_column width=&#8221;2\/3&#8243; css=&#8221;.vc_custom_1466572981768{padding-right: 50px !important;padding-left: 50px !important;}&#8221;]    <style type=\"text\/css\" media=\"all\">\n            <\/style>\n    \n    <div id=\"textbox_1\" class=\"textBox    fontSize32 textBoxCenter textBoxUnderCenter textBoxNoStyle\"   data-delay=\"0\" data-animation=\"none\"  >\n        \n        \n                                     \n                    <div class=\"clearfix\">\n                        <div class=\"title clearfix\"  style=\"color:#262626;\" >\n                            \n                            \n                            Grappa Bassanina Bianca\n                                                            <!-- subtitle -->\n                                <span class=\"subtitle\" >Ogni bottiglia tascabile sar\u00e0 dotato di astuccio<\/span>\n                            \n                                                    \n                        <\/div>\n                    <\/div>\n\n                \n                \n                    <div class=\"contentfs16 text\"  style=\"color: #707070;\" >Il formato tascabile, molto comodo al trasporto e complice il bicchierino, permette di assaporare la grappa in qualsiasi momento ed ovunque. Allo stesso tempo, si presta ad essere un oggetto da collezione, oppure semplicemente un bel ricordo. La Grappa Bassanina Bianca \u00e8 ottenuta dalla distillazione con metodo tradizionale a vapore di vinaccia selezionata fresca. Il suo colore \u00e8 trasparente e cristallino, il suo profumo intenso. Caratteristica principale \u00e8 la fragranza e il gusto armonico e persistente.<br \/>\nLa Grappa Bassanina Bianca si pu\u00f2 apprezzare liscia oppure pu\u00f2 essere utilizzata come ottima correzione nel caff\u00e8 o per lasciarsi andare con il famoso rasentin.<\/div>\n                \n    <\/div>\n\n    [\/vc_column][vc_column width=&#8221;1\/6&#8243;][\/vc_column][\/vc_row][vc_column][\/vc_column]<\/p>\n","protected":false},"excerpt":{"rendered":"<p>[vc_row][vc_column][vc_column_text] [\/vc_column_text][\/vc_column][\/vc_row][vc_row background_color=&#8221;#f8f8f8&#8243; row_padding_top=&#8221;100&#8243; row_padding_bottom=&#8221;100&#8243;][vc_column width=&#8221;1\/6&#8243; css=&#8221;.vc_custom_1466572147639{padding-right: 50px !important;padding-left: 30px !important;}&#8221;][\/vc_column][vc_column width=&#8221;2\/3&#8243; css=&#8221;.vc_custom_1466572981768{padding-right: 50px !important;padding-left: 50px !important;}&#8221;][\/vc_column][vc_column width=&#8221;1\/6&#8243;][\/vc_column][\/vc_row][vc_column][\/vc_column]<\/p>\n","protected":false},"featured_media":37393,"template":"","meta":[],"product_cat":[15],"product_tag":[],"yst_prominent_words":[],"_links":{"self":[{"href":"https:\/\/www.bassanina.it\/index.php?rest_route=\/wp\/v2\/product\/36693"}],"collection":[{"href":"https:\/\/www.bassanina.it\/index.php?rest_route=\/wp\/v2\/product"}],"about":[{"href":"https:\/\/www.bassanina.it\/index.php?rest_route=\/wp\/v2\/types\/product"}],"wp:featuredmedia":[{"embeddable":true,"href":"https:\/\/www.bassanina.it\/index.php?rest_route=\/wp\/v2\/media\/37393"}],"wp:attachment":[{"href":"https:\/\/www.bassanina.it\/index.php?rest_route=%2Fwp%2Fv2%2Fmedia&parent=36693"}],"wp:term":[{"taxonomy":"product_cat","embeddable":true,"href":"https:\/\/www.bassanina.it\/index.php?rest_route=%2Fwp%2Fv2%2Fproduct_cat&post=36693"},{"taxonomy":"product_tag","embeddable":true,"href":"https:\/\/www.bassanina.it\/index.php?rest_route=%2Fwp%2Fv2%2Fproduct_tag&post=36693"},{"taxonomy":"yst_prominent_words","embeddable":true,"href":"https:\/\/www.bassanina.it\/index.php?rest_route=%2Fwp%2Fv2%2Fyst_prominent_words&post=36693"}],"curies":[{"name":"wp","href":"https:\/\/api.w.org\/{rel}","templated":true}]}}